{"id":4233,"date":"2024-06-10T17:12:49","date_gmt":"2024-06-10T17:12:49","guid":{"rendered":"https:\/\/emlhaiti.org\/?page_id=4233"},"modified":"2024-06-13T14:57:14","modified_gmt":"2024-06-13T14:57:14","slug":"qui-sommes-nous","status":"publish","type":"page","link":"https:\/\/emlhaiti.org\/?page_id=4233","title":{"rendered":"Qui sommes-nous ?"},"content":{"rendered":"\t\t<div data-elementor-type=\"wp-page\" data-elementor-id=\"4233\" class=\"elementor elementor-4233\">\n\t\t\t\t\t\t<section class=\"elementor-section elementor-top-section elementor-element elementor-element-cca888d elementor-section-boxed elementor-section-height-default elementor-section-height-default\" data-id=\"cca888d\" data-element_type=\"section\">\n\t\t\t\t\t\t<div class=\"elementor-container elementor-column-gap-extended\">\n\t\t\t\t\t<div class=\"elementor-column elementor-col-50 elementor-top-column elementor-element elementor-element-916e6aa sc_layouts_column_icons_position_left elementor-invisible\" data-id=\"916e6aa\" data-element_type=\"column\" data-settings=\"{&quot;animation&quot;:&quot;fadeInUp&quot;}\">\n\t\t\t<div class=\"elementor-widget-wrap elementor-element-populated\">\n\t\t\t\t\t\t<section class=\"elementor-section elementor-inner-section elementor-element elementor-element-1b3ef9b elementor-section-boxed elementor-section-height-default elementor-section-height-default\" data-id=\"1b3ef9b\" data-element_type=\"section\">\n\t\t\t\t\t\t<div class=\"elementor-container elementor-column-gap-extended\">\n\t\t\t\t\t<div class=\"elementor-column elementor-col-100 elementor-inner-column elementor-element elementor-element-dab9e38 sc_layouts_column_icons_position_left\" data-id=\"dab9e38\" data-element_type=\"column\">\n\t\t\t<div class=\"elementor-widget-wrap elementor-element-populated\">\n\t\t\t\t\t\t<div class=\"elementor-element elementor-element-256f5a8 elementor-widget__width-initial elementor-widget elementor-widget-heading\" data-id=\"256f5a8\" data-element_type=\"widget\" data-widget_type=\"heading.default\">\n\t\t\t\t<div class=\"elementor-widget-container\">\n\t\t\t<h2 class=\"elementor-heading-title elementor-size-default\">Une \u00e9glise \u00e0 l'Approche Holistique de l'\u00c9vangile<\/h2>\t\t<\/div>\n\t\t\t\t<\/div>\n\t\t\t\t\t<\/div>\n\t\t<\/div>\n\t\t\t\t\t<\/div>\n\t\t<\/section>\n\t\t\t\t<div class=\"elementor-element elementor-element-92649fb elementor-widget elementor-widget-text-editor\" data-id=\"92649fb\" data-element_type=\"widget\" data-widget_type=\"text-editor.default\">\n\t\t\t\t<div class=\"elementor-widget-container\">\n\t\t\t\t\t\t\t<p><span class=\"trx_addons_dark\">\u00c0 EML Haiti, nous pr\u00eachons un \u00e9vangile int\u00e9gral. Notre approche embrasse l\u2019homme dans sa triple dimension : \u00ab Corps, \u00c2me, et Esprit. \u00bb Nous pr\u00eachons la sanctification enti\u00e8re. Notre doctrine est enracin\u00e9e dans la croyance que nous trouvons dans \u00a0H\u00e9breux 12 :14 : \u00ab Recherchez la paix avec tous, et la sanctification, sans laquelle personne ne verra le Seigneur. \u00bb<\/span><\/p>\t\t\t\t\t\t<\/div>\n\t\t\t\t<\/div>\n\t\t\t\t\t<\/div>\n\t\t<\/div>\n\t\t\t\t<div class=\"elementor-column elementor-col-50 elementor-top-column elementor-element elementor-element-76eebca sc_layouts_column_icons_position_left elementor-invisible\" data-id=\"76eebca\" data-element_type=\"column\" data-settings=\"{&quot;animation&quot;:&quot;fadeInUp&quot;}\">\n\t\t\t<div class=\"elementor-widget-wrap elementor-element-populated\">\n\t\t\t\t\t\t<div class=\"elementor-element elementor-element-c14f402 elementor-widget elementor-widget-image\" data-id=\"c14f402\" data-element_type=\"widget\" data-widget_type=\"image.default\">\n\t\t\t\t<div class=\"elementor-widget-container\">\n\t\t\t\t\t\t\t\t\t\t\t\t\t<img fetchpriority=\"high\" decoding=\"async\" width=\"1024\" height=\"683\" src=\"https:\/\/emlhaiti.org\/wp-content\/uploads\/2024\/06\/gallery_67-1024x683.jpg\" class=\"attachment-large size-large wp-image-4180\" alt=\"\" srcset=\"https:\/\/emlhaiti.org\/wp-content\/uploads\/2024\/06\/gallery_67-1024x683.jpg 1024w, https:\/\/emlhaiti.org\/wp-content\/uploads\/2024\/06\/gallery_67-300x200.jpg 300w, https:\/\/emlhaiti.org\/wp-content\/uploads\/2024\/06\/gallery_67-768x512.jpg 768w, https:\/\/emlhaiti.org\/wp-content\/uploads\/2024\/06\/gallery_67-1536x1025.jpg 1536w, https:\/\/emlhaiti.org\/wp-content\/uploads\/2024\/06\/gallery_67-370x247.jpg 370w, https:\/\/emlhaiti.org\/wp-content\/uploads\/2024\/06\/gallery_67-760x507.jpg 760w, https:\/\/emlhaiti.org\/wp-content\/uploads\/2024\/06\/gallery_67.jpg 2048w\" sizes=\"(max-width: 1024px) 100vw, 1024px\" \/>\t\t\t\t\t\t\t\t\t\t\t\t\t<\/div>\n\t\t\t\t<\/div>\n\t\t\t\t\t<\/div>\n\t\t<\/div>\n\t\t\t\t\t<\/div>\n\t\t<\/section>\n\t\t\t\t<section class=\"elementor-section elementor-top-section elementor-element elementor-element-3708af2 elementor-section-boxed elementor-section-height-default elementor-section-height-default\" data-id=\"3708af2\" data-element_type=\"section\">\n\t\t\t\t\t\t<div class=\"elementor-container elementor-column-gap-default\">\n\t\t\t\t\t<div class=\"elementor-column elementor-col-100 elementor-top-column elementor-element elementor-element-87f9c21 sc_layouts_column_icons_position_left\" data-id=\"87f9c21\" data-element_type=\"column\">\n\t\t\t<div class=\"elementor-widget-wrap elementor-element-populated\">\n\t\t\t\t\t\t<div class=\"elementor-element elementor-element-a65e0c7 sc_height_large elementor-widget-divider--view-line elementor-widget elementor-widget-divider\" data-id=\"a65e0c7\" data-element_type=\"widget\" data-widget_type=\"divider.default\">\n\t\t\t\t<div class=\"elementor-widget-container\">\n\t\t\t\t\t<div class=\"elementor-divider\">\n\t\t\t<span class=\"elementor-divider-separator\">\n\t\t\t\t\t\t<\/span>\n\t\t<\/div>\n\t\t\t\t<\/div>\n\t\t\t\t<\/div>\n\t\t\t\t\t<\/div>\n\t\t<\/div>\n\t\t\t\t\t<\/div>\n\t\t<\/section>\n\t\t\t\t<section class=\"elementor-section elementor-top-section elementor-element elementor-element-5b99958 elementor-section-boxed elementor-section-height-default elementor-section-height-default elementor-invisible\" data-id=\"5b99958\" data-element_type=\"section\" data-settings=\"{&quot;animation&quot;:&quot;fadeInUp&quot;}\">\n\t\t\t\t\t\t<div class=\"elementor-container elementor-column-gap-extended\">\n\t\t\t\t\t<div class=\"elementor-column elementor-col-100 elementor-top-column elementor-element elementor-element-e7e7c28 sc_layouts_column_icons_position_left\" data-id=\"e7e7c28\" data-element_type=\"column\">\n\t\t\t<div class=\"elementor-widget-wrap elementor-element-populated\">\n\t\t\t\t\t\t<div class=\"elementor-element elementor-element-15c1158 elementor-widget elementor-widget-heading\" data-id=\"15c1158\" data-element_type=\"widget\" data-widget_type=\"heading.default\">\n\t\t\t\t<div class=\"elementor-widget-container\">\n\t\t\t<h2 class=\"elementor-heading-title elementor-size-default\">Nous vous appelons \u00e0 \u00eatre un bras, un c\u0153ur, un contributeur de cette \u0153uvre commune.<\/h2>\t\t<\/div>\n\t\t\t\t<\/div>\n\t\t\t\t\t<\/div>\n\t\t<\/div>\n\t\t\t\t\t<\/div>\n\t\t<\/section>\n\t\t\t\t<section class=\"elementor-section elementor-top-section elementor-element elementor-element-782bfb9 elementor-section-boxed elementor-section-height-default elementor-section-height-default\" data-id=\"782bfb9\" data-element_type=\"section\">\n\t\t\t\t\t\t<div class=\"elementor-container elementor-column-gap-extended\">\n\t\t\t\t\t<div class=\"elementor-column elementor-col-50 elementor-top-column elementor-element elementor-element-4cb4a1f sc_layouts_column_icons_position_left elementor-invisible\" data-id=\"4cb4a1f\" data-element_type=\"column\" data-settings=\"{&quot;animation&quot;:&quot;fadeInUp&quot;}\">\n\t\t\t<div class=\"elementor-widget-wrap elementor-element-populated\">\n\t\t\t\t\t\t<div class=\"elementor-element elementor-element-87b52c8 elementor-widget elementor-widget-image\" data-id=\"87b52c8\" data-element_type=\"widget\" data-widget_type=\"image.default\">\n\t\t\t\t<div class=\"elementor-widget-container\">\n\t\t\t\t\t\t\t\t\t\t\t\t\t<img decoding=\"async\" width=\"1024\" height=\"516\" src=\"https:\/\/emlhaiti.org\/wp-content\/uploads\/2024\/06\/slider_7-1024x516.jpg\" class=\"attachment-large size-large wp-image-4161\" alt=\"\" srcset=\"https:\/\/emlhaiti.org\/wp-content\/uploads\/2024\/06\/slider_7-1024x516.jpg 1024w, https:\/\/emlhaiti.org\/wp-content\/uploads\/2024\/06\/slider_7-300x151.jpg 300w, https:\/\/emlhaiti.org\/wp-content\/uploads\/2024\/06\/slider_7-768x387.jpg 768w, https:\/\/emlhaiti.org\/wp-content\/uploads\/2024\/06\/slider_7-1536x774.jpg 1536w, https:\/\/emlhaiti.org\/wp-content\/uploads\/2024\/06\/slider_7-370x186.jpg 370w, https:\/\/emlhaiti.org\/wp-content\/uploads\/2024\/06\/slider_7-760x383.jpg 760w, https:\/\/emlhaiti.org\/wp-content\/uploads\/2024\/06\/slider_7.jpg 2048w\" sizes=\"(max-width: 1024px) 100vw, 1024px\" \/>\t\t\t\t\t\t\t\t\t\t\t\t\t<\/div>\n\t\t\t\t<\/div>\n\t\t\t\t\t<\/div>\n\t\t<\/div>\n\t\t\t\t<div class=\"elementor-column elementor-col-50 elementor-top-column elementor-element elementor-element-7162727 sc_layouts_column_icons_position_left elementor-invisible\" data-id=\"7162727\" data-element_type=\"column\" data-settings=\"{&quot;animation&quot;:&quot;fadeInUp&quot;}\">\n\t\t\t<div class=\"elementor-widget-wrap elementor-element-populated\">\n\t\t\t\t\t\t<div class=\"elementor-element elementor-element-59ac09d elementor-widget elementor-widget-text-editor\" data-id=\"59ac09d\" data-element_type=\"widget\" data-widget_type=\"text-editor.default\">\n\t\t\t\t<div class=\"elementor-widget-container\">\n\t\t\t\t\t\t\t<p><strong>Notre message<\/strong> pour transformer l\u2019homme est un h\u00e9ritage historique de notre \u00e9glise et de notre foi en Christ. Car, les hommes int\u00e8gres ayant la crainte de Dieu forment des institutions fortes, durables bas\u00e9es sur des valeurs nobles.<\/p>\t\t\t\t\t\t<\/div>\n\t\t\t\t<\/div>\n\t\t\t\t<section class=\"elementor-section elementor-inner-section elementor-element elementor-element-1cd852c elementor-section-boxed elementor-section-height-default elementor-section-height-default\" data-id=\"1cd852c\" data-element_type=\"section\">\n\t\t\t\t\t\t<div class=\"elementor-container elementor-column-gap-extended\">\n\t\t\t\t\t<div class=\"elementor-column elementor-col-100 elementor-inner-column elementor-element elementor-element-cf5d685 sc_layouts_column_icons_position_left\" data-id=\"cf5d685\" data-element_type=\"column\">\n\t\t\t<div class=\"elementor-widget-wrap elementor-element-populated\">\n\t\t\t\t\t\t<div class=\"elementor-element elementor-element-bf537ae elementor-widget-divider--view-line elementor-widget elementor-widget-divider\" data-id=\"bf537ae\" data-element_type=\"widget\" data-widget_type=\"divider.default\">\n\t\t\t\t<div class=\"elementor-widget-container\">\n\t\t\t\t\t<div class=\"elementor-divider\">\n\t\t\t<span class=\"elementor-divider-separator\">\n\t\t\t\t\t\t<\/span>\n\t\t<\/div>\n\t\t\t\t<\/div>\n\t\t\t\t<\/div>\n\t\t\t\t\t<\/div>\n\t\t<\/div>\n\t\t\t\t\t<\/div>\n\t\t<\/section>\n\t\t\t\t<section class=\"elementor-section elementor-inner-section elementor-element elementor-element-d6c1cc1 elementor-section-boxed elementor-section-height-default elementor-section-height-default\" data-id=\"d6c1cc1\" data-element_type=\"section\">\n\t\t\t\t\t\t<div class=\"elementor-container elementor-column-gap-extended\">\n\t\t\t\t\t<div class=\"elementor-column elementor-col-100 elementor-inner-column elementor-element elementor-element-93fd135 sc_layouts_column_icons_position_left\" data-id=\"93fd135\" data-element_type=\"column\">\n\t\t\t<div class=\"elementor-widget-wrap elementor-element-populated\">\n\t\t\t\t\t\t<div class=\"elementor-element elementor-element-cb081f4 elementor-widget elementor-widget-text-editor\" data-id=\"cb081f4\" data-element_type=\"widget\" data-widget_type=\"text-editor.default\">\n\t\t\t\t<div class=\"elementor-widget-container\">\n\t\t\t\t\t\t\t<p><strong>EML Ha\u00efti<\/strong> a pr\u00f4n\u00e9, pr\u00f4ne et pr\u00f4nera toujours des valeurs spirituelles, morales et sociales. Nous sommes investis de la mission de construire le caract\u00e8re des femmes et des hommes pour une vie \u00e9thique, honn\u00eate et int\u00e8gre.<\/p>\t\t\t\t\t\t<\/div>\n\t\t\t\t<\/div>\n\t\t\t\t\t<\/div>\n\t\t<\/div>\n\t\t\t\t\t<\/div>\n\t\t<\/section>\n\t\t\t\t\t<\/div>\n\t\t<\/div>\n\t\t\t\t\t<\/div>\n\t\t<\/section>\n\t\t\t\t<section class=\"elementor-section elementor-top-section elementor-element elementor-element-2018dfd elementor-section-boxed elementor-section-height-default elementor-section-height-default\" data-id=\"2018dfd\" data-element_type=\"section\">\n\t\t\t\t\t\t<div class=\"elementor-container elementor-column-gap-extended\">\n\t\t\t\t\t<div class=\"elementor-column elementor-col-100 elementor-top-column elementor-element elementor-element-d83a4c5 sc_layouts_column_icons_position_left\" data-id=\"d83a4c5\" data-element_type=\"column\">\n\t\t\t<div class=\"elementor-widget-wrap elementor-element-populated\">\n\t\t\t\t\t\t<section class=\"elementor-section elementor-inner-section elementor-element elementor-element-9266e17 elementor-section-boxed elementor-section-height-default elementor-section-height-default\" data-id=\"9266e17\" data-element_type=\"section\">\n\t\t\t\t\t\t<div class=\"elementor-container elementor-column-gap-extended\">\n\t\t\t\t\t<div class=\"elementor-column elementor-col-50 elementor-inner-column elementor-element elementor-element-481505c sc_layouts_column_icons_position_left\" data-id=\"481505c\" data-element_type=\"column\">\n\t\t\t<div class=\"elementor-widget-wrap\">\n\t\t\t\t\t\t\t<\/div>\n\t\t<\/div>\n\t\t\t\t<div class=\"elementor-column elementor-col-50 elementor-inner-column elementor-element elementor-element-eae97db sc_layouts_column_icons_position_left\" data-id=\"eae97db\" data-element_type=\"column\">\n\t\t\t<div class=\"elementor-widget-wrap elementor-element-populated\">\n\t\t\t\t\t\t<div class=\"elementor-element elementor-element-40d6ef0 elementor-widget elementor-widget-trx_sc_button\" data-id=\"40d6ef0\" data-element_type=\"widget\" data-widget_type=\"trx_sc_button.default\">\n\t\t\t\t<div class=\"elementor-widget-container\">\n\t\t\t<div class=\"sc_item_button sc_button_wrap sc_align_left\"><a href=\"https:\/\/emlhaiti.org\/?page_id=4464\" id=\"trx_sc_button_1762119700\" class=\"sc_button sc_button_default sc_button_size_small sc_button_with_icon sc_button_icon_left\"><span class=\"sc_button_icon\"><span class=\"icon-mail\"><\/span><\/span><span class=\"sc_button_text\"><span class=\"sc_button_title\">Contactez-nous<\/span><\/span><!-- \/.sc_button_text --><\/a><!-- \/.sc_button --><\/div><!-- \/.sc_item_button -->\t\t<\/div>\n\t\t\t\t<\/div>\n\t\t\t\t\t<\/div>\n\t\t<\/div>\n\t\t\t\t\t<\/div>\n\t\t<\/section>\n\t\t\t\t\t<\/div>\n\t\t<\/div>\n\t\t\t\t\t<\/div>\n\t\t<\/section>\n\t\t\t\t<section class=\"elementor-section elementor-top-section elementor-element elementor-element-7075847 elementor-section-boxed elementor-section-height-default elementor-section-height-default\" data-id=\"7075847\" data-element_type=\"section\">\n\t\t\t\t\t\t<div class=\"elementor-container elementor-column-gap-extended\">\n\t\t\t\t\t<div class=\"elementor-column elementor-col-100 elementor-top-column elementor-element elementor-element-83f05be sc_layouts_column_icons_position_left\" data-id=\"83f05be\" data-element_type=\"column\">\n\t\t\t<div class=\"elementor-widget-wrap elementor-element-populated\">\n\t\t\t\t\t\t<div class=\"elementor-element elementor-element-a0a646e sc_height_large elementor-widget-divider--view-line elementor-widget elementor-widget-divider\" data-id=\"a0a646e\" data-element_type=\"widget\" data-widget_type=\"divider.default\">\n\t\t\t\t<div class=\"elementor-widget-container\">\n\t\t\t\t\t<div class=\"elementor-divider\">\n\t\t\t<span class=\"elementor-divider-separator\">\n\t\t\t\t\t\t<\/span>\n\t\t<\/div>\n\t\t\t\t<\/div>\n\t\t\t\t<\/div>\n\t\t\t\t\t<\/div>\n\t\t<\/div>\n\t\t\t\t\t<\/div>\n\t\t<\/section>\n\t\t\t\t<\/div>\n\t\t","protected":false},"excerpt":{"rendered":"<p>Une \u00e9glise \u00e0 l&#8217;Approche Holistique de l&#8217;\u00c9vangile \u00c0 EML Haiti, nous pr\u00eachons un \u00e9vangile int\u00e9gral. Notre approche embrasse l\u2019homme dans sa triple dimension : \u00ab Corps, \u00c2me, et Esprit. \u00bb Nous pr\u00eachons la sanctification enti\u00e8re. Notre doctrine&hellip;<\/p>\n","protected":false},"author":2,"featured_media":0,"parent":0,"menu_order":0,"comment_status":"closed","ping_status":"closed","template":"elementor_theme","meta":{"footnotes":""},"class_list":["post-4233","page","type-page","status-publish","hentry"],"_links":{"self":[{"href":"https:\/\/emlhaiti.org\/index.php?rest_route=\/wp\/v2\/pages\/4233","targetHints":{"allow":["GET"]}}],"collection":[{"href":"https:\/\/emlhaiti.org\/index.php?rest_route=\/wp\/v2\/pages"}],"about":[{"href":"https:\/\/emlhaiti.org\/index.php?rest_route=\/wp\/v2\/types\/page"}],"author":[{"embeddable":true,"href":"https:\/\/emlhaiti.org\/index.php?rest_route=\/wp\/v2\/users\/2"}],"replies":[{"embeddable":true,"href":"https:\/\/emlhaiti.org\/index.php?rest_route=%2Fwp%2Fv2%2Fcomments&post=4233"}],"version-history":[{"count":5,"href":"https:\/\/emlhaiti.org\/index.php?rest_route=\/wp\/v2\/pages\/4233\/revisions"}],"predecessor-version":[{"id":4497,"href":"https:\/\/emlhaiti.org\/index.php?rest_route=\/wp\/v2\/pages\/4233\/revisions\/4497"}],"wp:attachment":[{"href":"https:\/\/emlhaiti.org\/index.php?rest_route=%2Fwp%2Fv2%2Fmedia&parent=4233"}],"curies":[{"name":"wp","href":"https:\/\/api.w.org\/{rel}","templated":true}]}}